{"id":415,"date":"2021-01-08T11:24:04","date_gmt":"2021-01-08T10:24:04","guid":{"rendered":"http:\/\/csillagfeny.techcentral.hu\/?page_id=415"},"modified":"2023-11-22T11:50:03","modified_gmt":"2023-11-22T10:50:03","slug":"kezdooldal","status":"publish","type":"page","link":"https:\/\/csillagfeny-koromstudio.hu\/","title":{"rendered":"Kezd\u0151lap"},"content":{"rendered":"\n<p><strong>Kedves \u00c9rdekl\u0151d\u0151! <\/strong><\/p>\n\n\n\n<p><strong>K\u00f6sz\u00f6ntelek az oldalamon!<\/strong><\/p>\n\n\n\n<p><strong>Budai-Feh\u00e9r Eszter vagyok, k\u00e9z\u00e1pol\u00f3 \u00e9s m\u0171k\u00f6r\u00f6m\u00e9p\u00edt\u0151. 2019-ben saj\u00e1t\u00edtottam el a szakma alapjait \u00e9s az\u00f3ta is folyamatosan fejlesztem tud\u00e1som, hogy mindig a legjobb szolg\u00e1ltat\u00e1st tudjam ny\u00fajtani a Vend\u00e9geim sz\u00e1m\u00e1ra. <\/strong><\/p>\n\n\n\n<p><strong>Bar\u00e1ts\u00e1gos k\u00f6rnyezetben, j\u00f3 hangulattal, sz\u00e9p  sz\u00ednekkel \u00e9s d\u00edsz\u00edt\u00e9sekkel v\u00e1rlak T\u00e9ged Sz\u00e9kesfeh\u00e9rv\u00e1ron, a T\u00f3v\u00e1rosi lak\u00f3negyedben! <\/strong>\ud83d\ude0a<\/p>\n\n\n\n<figure class=\"wp-block-gallery columns-1 is-cropped\"><ul class=\"blocks-gallery-grid\"><li class=\"blocks-gallery-item\"><figure><img loading=\"lazy\" width=\"1024\" height=\"768\" src=\"https:\/\/csillagfeny-koromstudio.hu\/wp-content\/uploads\/2021\/12\/IMG_20211118_1812452_20211201165333538-1024x768.jpg\" alt=\"\" data-id=\"1034\" data-full-url=\"https:\/\/csillagfeny-koromstudio.hu\/wp-content\/uploads\/2021\/12\/IMG_20211118_1812452_20211201165333538.jpg\" data-link=\"https:\/\/csillagfeny-koromstudio.hu\/?attachment_id=1034\" class=\"wp-image-1034\" srcset=\"https:\/\/csillagfeny-koromstudio.hu\/wp-content\/uploads\/2021\/12\/IMG_20211118_1812452_20211201165333538-1024x768.jpg 1024w, https:\/\/csillagfeny-koromstudio.hu\/wp-content\/uploads\/2021\/12\/IMG_20211118_1812452_20211201165333538-300x225.jpg 300w, https:\/\/csillagfeny-koromstudio.hu\/wp-content\/uploads\/2021\/12\/IMG_20211118_1812452_20211201165333538-768x576.jpg 768w, https:\/\/csillagfeny-koromstudio.hu\/wp-content\/uploads\/2021\/12\/IMG_20211118_1812452_20211201165333538-1536x1152.jpg 1536w, https:\/\/csillagfeny-koromstudio.hu\/wp-content\/uploads\/2021\/12\/IMG_20211118_1812452_20211201165333538.jpg 1600w\" sizes=\"(max-width: 1024px) 100vw, 1024px\" \/><\/figure><\/li><\/ul><\/figure>\n\n\n\n<p>                                                                                                                                                             <strong> <\/strong><\/p>\n","protected":false},"excerpt":{"rendered":"<p>Kedves \u00c9rdekl\u0151d\u0151! K\u00f6sz\u00f6ntelek az oldalamon! Budai-Feh\u00e9r Eszter vagyok, k\u00e9z\u00e1pol\u00f3 \u00e9s m\u0171k\u00f6r\u00f6m\u00e9p\u00edt\u0151. 2019-ben saj\u00e1t\u00edtottam el a szakma alapjait \u00e9s az\u00f3ta is folyamatosan fejlesztem tud\u00e1som, hogy mindig a legjobb szolg\u00e1ltat\u00e1st tudjam ny\u00fajtani a Vend\u00e9geim sz\u00e1m\u00e1ra. Bar\u00e1ts\u00e1gos k\u00f6rnyezetben, j\u00f3 hangulattal, sz\u00e9p sz\u00ednekkel \u00e9s d\u00edsz\u00edt\u00e9sekkel v\u00e1rlak T\u00e9ged Sz\u00e9kesfeh\u00e9rv\u00e1ron, a T\u00f3v\u00e1rosi lak\u00f3negyedben! \ud83d\ude0a<\/p>\n","protected":false},"author":1,"featured_media":0,"parent":0,"menu_order":0,"comment_status":"closed","ping_status":"closed","template":"","meta":[],"_links":{"self":[{"href":"https:\/\/csillagfeny-koromstudio.hu\/index.php?rest_route=\/wp\/v2\/pages\/415"}],"collection":[{"href":"https:\/\/csillagfeny-koromstudio.hu\/index.php?rest_route=\/wp\/v2\/pages"}],"about":[{"href":"https:\/\/csillagfeny-koromstudio.hu\/index.php?rest_route=\/wp\/v2\/types\/page"}],"author":[{"embeddable":true,"href":"https:\/\/csillagfeny-koromstudio.hu\/index.php?rest_route=\/wp\/v2\/users\/1"}],"replies":[{"embeddable":true,"href":"https:\/\/csillagfeny-koromstudio.hu\/index.php?rest_route=%2Fwp%2Fv2%2Fcomments&post=415"}],"version-history":[{"count":32,"href":"https:\/\/csillagfeny-koromstudio.hu\/index.php?rest_route=\/wp\/v2\/pages\/415\/revisions"}],"predecessor-version":[{"id":1078,"href":"https:\/\/csillagfeny-koromstudio.hu\/index.php?rest_route=\/wp\/v2\/pages\/415\/revisions\/1078"}],"wp:attachment":[{"href":"https:\/\/csillagfeny-koromstudio.hu\/index.php?rest_route=%2Fwp%2Fv2%2Fmedia&parent=415"}],"curies":[{"name":"wp","href":"https:\/\/api.w.org\/{rel}","templated":true}]}}